{"id":1852,"date":"2025-09-29T00:38:37","date_gmt":"2025-09-28T22:38:37","guid":{"rendered":"https:\/\/riadshabimarrakech.com\/?page_id=1852"},"modified":"2025-10-12T18:53:05","modified_gmt":"2025-10-12T16:53:05","slug":"cgv","status":"publish","type":"page","link":"https:\/\/riadshabimarrakech.com\/en\/cgv\/","title":{"rendered":"CGV"},"content":{"rendered":"<div data-elementor-type=\"wp-page\" data-elementor-id=\"1852\" class=\"elementor elementor-1852\" data-elementor-post-type=\"page\">\n\t\t\t\t<div class=\"elementor-element elementor-element-42665df e-flex e-con-boxed e-con e-parent\" data-id=\"42665df\" data-element_type=\"container\">\n\t\t\t\t\t<div class=\"e-con-inner\">\n\t\t\t\t<div class=\"elementor-element elementor-element-c91f74f elementor-widget elementor-widget-heading\" data-id=\"c91f74f\" data-element_type=\"widget\" data-widget_type=\"heading.default\">\n\t\t\t\t<div class=\"elementor-widget-container\">\n\t\t\t\t\t<h2 class=\"elementor-heading-title elementor-size-default\">Conditions g\u00e9n\u00e9rales de vente<\/h2>\t\t\t\t<\/div>\n\t\t\t\t<\/div>\n\t\t\t\t<div class=\"elementor-element elementor-element-f84457a elementor-widget-divider--view-line elementor-widget elementor-widget-divider\" data-id=\"f84457a\" data-element_type=\"widget\" data-widget_type=\"divider.default\">\n\t\t\t\t<div class=\"elementor-widget-container\">\n\t\t\t\t\t\t\t<div class=\"elementor-divider\">\n\t\t\t<span class=\"elementor-divider-separator\">\n\t\t\t\t\t\t<\/span>\n\t\t<\/div>\n\t\t\t\t\t\t<\/div>\n\t\t\t\t<\/div>\n\t\t\t\t<div class=\"elementor-element elementor-element-93a6d6e elementor-widget elementor-widget-text-editor\" data-id=\"93a6d6e\" data-element_type=\"widget\" data-widget_type=\"text-editor.default\">\n\t\t\t\t<div class=\"elementor-widget-container\">\n\t\t\t\t\t\t\t\t\t<p><span style=\"color: #000000;\"><strong>Conditions G\u00e9n\u00e9rales de Vente \u2013 Riad Shabi<\/strong><\/span><br \/><span style=\"color: #000000;\"><strong>G\u00e9rant l\u00e9gal : Sarl Beuyak<\/strong><\/span><br \/><span style=\"color: #000000;\"><strong>Adresse : 61 Derb Rahala, 40000 Marrakech<\/strong><\/span><br \/><span style=\"color: #000000;\"><strong>Num\u00e9ro ICE : 003408637000013<\/strong><\/span><\/p><p><span style=\"color: #000000;\"><strong>1. Objet<\/strong><\/span><br \/><span style=\"color: #000000;\">Les pr\u00e9sentes Conditions G\u00e9n\u00e9rales de Vente (CGV) r\u00e9gissent la location du Riad Shabi. Le Riad est propos\u00e9 \u00e0 la location compl\u00e8te pour la dur\u00e9e du s\u00e9jour.<\/span><\/p><p><span style=\"color: #000000;\"><strong>2. Tarifs et taxes<\/strong><\/span><br \/><span style=\"color: #000000;\">\u2022 Les tarifs peuvent \u00eatre indiqu\u00e9s en MAD ou en \u20ac, selon l\u2019option choisie par le client.<\/span><br \/><span style=\"color: #000000;\">\u2022 La taxe de s\u00e9jour de Marrakech est incluse dans le tarif indiqu\u00e9.<\/span><br \/><span style=\"color: #000000;\">\u2022 TVA applicable \u00e0 10%.<\/span><\/p><p><span style=\"color: #000000;\"><strong>3. R\u00e9servation et paiement<\/strong><\/span><br \/><span style=\"color: #000000;\">\u2022 Le paiement est effectu\u00e9 \u00e0 100% \u00e0 la r\u00e9servation.<\/span><br \/><span style=\"color: #000000;\">\u2022 Il est possible de demander un acompte ou de r\u00e9server \u00e0 la chambre, mais cette option n\u00e9cessite de nous contacter directement.<\/span><br \/><span style=\"color: #000000;\">\u2022 Moyens de paiement accept\u00e9s : carte bancaire. Pour les paiements en esp\u00e8ces ou par virement, veuillez nous contacter directement.<\/span><\/p><p><span style=\"color: #000000;\"><strong>4. Annulation et no-show<\/strong><\/span><br \/><span style=\"color: #000000;\">\u2022 Annulation : Aucun remboursement n\u2019est accord\u00e9 sauf cas de force majeure ou situation exceptionnelle, soumis \u00e0 notre approbation et sur pr\u00e9sentation de justificatifs.<\/span><br \/><span style=\"color: #000000;\">\u2022 No-show : En cas de non-pr\u00e9sentation du client \u00e0 l\u2019arriv\u00e9e, le s\u00e9jour est factur\u00e9 dans son int\u00e9gralit\u00e9.<\/span><\/p><p><span style=\"color: #000000;\"><strong>5. Arriv\u00e9e et d\u00e9part<\/strong><\/span><br \/><span style=\"color: #000000;\">\u2022 Check-in : \u00e0 partir de 14h<\/span><br \/><span style=\"color: #000000;\">\u2022 Check-out : avant 12h<\/span><\/p><p><span style=\"color: #000000;\"><strong>6. R\u00e8glement int\u00e9rieur<\/strong><\/span><br \/><span style=\"color: #000000;\">\u2022 <strong>Les\u00a0f\u00eates sont autoris\u00e9es, dans le respect des lieux et du voisinage.<\/strong><br \/><strong>Merci de nous\u00a0contacter en amont<\/strong> pour nous informer de la nature de l\u2019\u00e9v\u00e9nement.<\/span><br \/><span style=\"color: #000000;\">\u2022 Les animaux ne sont pas autoris\u00e9s.<\/span><br \/><span style=\"color: #000000;\">\u2022 La piscine est sous la responsabilit\u00e9 des clients.<br \/>\u2022 <strong>Conform\u00e9ment \u00e0 la\u00a0loi marocaine, si l\u2019un des voyageurs est\u00a0marocain, un\u00a0certificat de mariage en cours de validit\u00e9\u00a0est requis. Cette r\u00e8gle ne s\u2019applique pas aux couples non marocains.<\/strong><br \/><\/span><\/p><p><span style=\"color: #000000;\"><strong>7. Responsabilit\u00e9<\/strong><\/span><br \/><span style=\"color: #000000;\">Les clients sont responsables de leurs affaires personnelles pendant le s\u00e9jour.<\/span><\/p><p><span style=\"color: #000000;\"><strong>8. Droit applicable et litiges<\/strong><\/span><br \/><span style=\"color: #000000;\">Les pr\u00e9sentes Conditions G\u00e9n\u00e9rales de Vente sont soumises au droit marocain.<\/span><br \/><span style=\"color: #000000;\">Tout litige relatif \u00e0 leur interpr\u00e9tation et\/ou \u00e0 leur ex\u00e9cution rel\u00e8ve de la comp\u00e9tence exclusive des tribunaux de Marrakech.<\/span><\/p>\t\t\t\t\t\t\t\t<\/div>\n\t\t\t\t<\/div>\n\t\t\t\t<div class=\"elementor-element elementor-element-7062025 elementor-align-center elementor-widget elementor-widget-button\" data-id=\"7062025\" data-element_type=\"widget\" data-widget_type=\"button.default\">\n\t\t\t\t<div class=\"elementor-widget-container\">\n\t\t\t\t\t\t\t\t\t<div class=\"elementor-button-wrapper\">\n\t\t\t\t\t<a class=\"elementor-button elementor-button-link elementor-size-sm elementor-animation-grow\" href=\"https:\/\/riadshabimarrakech.com\/en\/\">\n\t\t\t\t\t\t<span class=\"elementor-button-content-wrapper\">\n\t\t\t\t\t\t\t\t\t<span class=\"elementor-button-text\">Retour \u00e0 la page d'accueil<\/span>\n\t\t\t\t\t<\/span>\n\t\t\t\t\t<\/a>\n\t\t\t\t<\/div>\n\t\t\t\t\t\t\t\t<\/div>\n\t\t\t\t<\/div>\n\t\t\t\t\t<\/div>\n\t\t\t\t<\/div>\n\t\t\t\t<\/div>","protected":false},"excerpt":{"rendered":"<p>Conditions g\u00e9n\u00e9rales de vente Conditions G\u00e9n\u00e9rales de Vente \u2013 Riad ShabiG\u00e9rant l\u00e9gal : Sarl BeuyakAdresse : 61 Derb Rahala, 40000 MarrakechNum\u00e9ro ICE : 003408637000013 1. ObjetLes pr\u00e9sentes Conditions G\u00e9n\u00e9rales de Vente (CGV) r\u00e9gissent la location du Riad Shabi. Le Riad est propos\u00e9 \u00e0 la location compl\u00e8te pour la dur\u00e9e du s\u00e9jour. 2. Tarifs et taxes\u2022 [&hellip;]<\/p>","protected":false},"author":1,"featured_media":0,"parent":0,"menu_order":0,"comment_status":"closed","ping_status":"closed","template":"","meta":{"ocean_post_layout":"","ocean_both_sidebars_style":"","ocean_both_sidebars_content_width":0,"ocean_both_sidebars_sidebars_width":0,"ocean_sidebar":"","ocean_second_sidebar":"","ocean_disable_margins":"enable","ocean_add_body_class":"","ocean_shortcode_before_top_bar":"","ocean_shortcode_after_top_bar":"","ocean_shortcode_before_header":"","ocean_shortcode_after_header":"","ocean_has_shortcode":"","ocean_shortcode_after_title":"","ocean_shortcode_before_footer_widgets":"","ocean_shortcode_after_footer_widgets":"","ocean_shortcode_before_footer_bottom":"","ocean_shortcode_after_footer_bottom":"","ocean_display_top_bar":"default","ocean_display_header":"default","ocean_header_style":"","ocean_center_header_left_menu":"","ocean_custom_header_template":"","ocean_custom_logo":0,"ocean_custom_retina_logo":0,"ocean_custom_logo_max_width":0,"ocean_custom_logo_tablet_max_width":0,"ocean_custom_logo_mobile_max_width":0,"ocean_custom_logo_max_height":0,"ocean_custom_logo_tablet_max_height":0,"ocean_custom_logo_mobile_max_height":0,"ocean_header_custom_menu":"","ocean_menu_typo_font_family":"","ocean_menu_typo_font_subset":"","ocean_menu_typo_font_size":0,"ocean_menu_typo_font_size_tablet":0,"ocean_menu_typo_font_size_mobile":0,"ocean_menu_typo_font_size_unit":"px","ocean_menu_typo_font_weight":"","ocean_menu_typo_font_weight_tablet":"","ocean_menu_typo_font_weight_mobile":"","ocean_menu_typo_transform":"","ocean_menu_typo_transform_tablet":"","ocean_menu_typo_transform_mobile":"","ocean_menu_typo_line_height":0,"ocean_menu_typo_line_height_tablet":0,"ocean_menu_typo_line_height_mobile":0,"ocean_menu_typo_line_height_unit":"","ocean_menu_typo_spacing":0,"ocean_menu_typo_spacing_tablet":0,"ocean_menu_typo_spacing_mobile":0,"ocean_menu_typo_spacing_unit":"","ocean_menu_link_color":"","ocean_menu_link_color_hover":"","ocean_menu_link_color_active":"","ocean_menu_link_background":"","ocean_menu_link_hover_background":"","ocean_menu_link_active_background":"","ocean_menu_social_links_bg":"","ocean_menu_social_hover_links_bg":"","ocean_menu_social_links_color":"","ocean_menu_social_hover_links_color":"","ocean_disable_title":"default","ocean_disable_heading":"default","ocean_post_title":"","ocean_post_subheading":"","ocean_post_title_style":"","ocean_post_title_background_color":"","ocean_post_title_background":0,"ocean_post_title_bg_image_position":"","ocean_post_title_bg_image_attachment":"","ocean_post_title_bg_image_repeat":"","ocean_post_title_bg_image_size":"","ocean_post_title_height":0,"ocean_post_title_bg_overlay":0.5,"ocean_post_title_bg_overlay_color":"","ocean_disable_breadcrumbs":"default","ocean_breadcrumbs_color":"","ocean_breadcrumbs_separator_color":"","ocean_breadcrumbs_links_color":"","ocean_breadcrumbs_links_hover_color":"","ocean_display_footer_widgets":"default","ocean_display_footer_bottom":"default","ocean_custom_footer_template":"","footnotes":""},"class_list":["post-1852","page","type-page","status-publish","hentry","entry"],"yoast_head":"<!-- This site is optimized with the Yoast SEO plugin v26.3 - https:\/\/yoast.com\/wordpress\/plugins\/seo\/ -->\n<title>CGV - riadshabimarrakech.com<\/title>\n<meta name=\"robots\" content=\"index, follow, max-snippet:-1, max-image-preview:large, max-video-preview:-1\" \/>\n<link rel=\"canonical\" href=\"https:\/\/riadshabimarrakech.com\/en\/cgv\/\" \/>\n<meta property=\"og:locale\" content=\"en_US\" \/>\n<meta property=\"og:type\" content=\"article\" \/>\n<meta property=\"og:title\" content=\"CGV - riadshabimarrakech.com\" \/>\n<meta property=\"og:description\" content=\"Conditions g\u00e9n\u00e9rales de vente Conditions G\u00e9n\u00e9rales de Vente \u2013 Riad ShabiG\u00e9rant l\u00e9gal : Sarl BeuyakAdresse : 61 Derb Rahala, 40000 MarrakechNum\u00e9ro ICE : 003408637000013 1. ObjetLes pr\u00e9sentes Conditions G\u00e9n\u00e9rales de Vente (CGV) r\u00e9gissent la location du Riad Shabi. Le Riad est propos\u00e9 \u00e0 la location compl\u00e8te pour la dur\u00e9e du s\u00e9jour. 2. Tarifs et taxes\u2022 [&hellip;]\" \/>\n<meta property=\"og:url\" content=\"https:\/\/riadshabimarrakech.com\/en\/cgv\/\" \/>\n<meta property=\"og:site_name\" content=\"riadshabimarrakech.com\" \/>\n<meta property=\"article:modified_time\" content=\"2025-10-12T16:53:05+00:00\" \/>\n<meta name=\"twitter:card\" content=\"summary_large_image\" \/>\n<meta name=\"twitter:label1\" content=\"Est. reading time\" \/>\n\t<meta name=\"twitter:data1\" content=\"2 minutes\" \/>\n<script type=\"application\/ld+json\" class=\"yoast-schema-graph\">{\"@context\":\"https:\/\/schema.org\",\"@graph\":[{\"@type\":\"WebPage\",\"@id\":\"https:\/\/riadshabimarrakech.com\/cgv\/\",\"url\":\"https:\/\/riadshabimarrakech.com\/cgv\/\",\"name\":\"CGV - riadshabimarrakech.com\",\"isPartOf\":{\"@id\":\"https:\/\/riadshabimarrakech.com\/#website\"},\"datePublished\":\"2025-09-28T22:38:37+00:00\",\"dateModified\":\"2025-10-12T16:53:05+00:00\",\"breadcrumb\":{\"@id\":\"https:\/\/riadshabimarrakech.com\/cgv\/#breadcrumb\"},\"inLanguage\":\"en-US\",\"potentialAction\":[{\"@type\":\"ReadAction\",\"target\":[\"https:\/\/riadshabimarrakech.com\/cgv\/\"]}]},{\"@type\":\"BreadcrumbList\",\"@id\":\"https:\/\/riadshabimarrakech.com\/cgv\/#breadcrumb\",\"itemListElement\":[{\"@type\":\"ListItem\",\"position\":1,\"name\":\"Accueil\",\"item\":\"https:\/\/riadshabimarrakech.com\/\"},{\"@type\":\"ListItem\",\"position\":2,\"name\":\"CGV\"}]},{\"@type\":\"WebSite\",\"@id\":\"https:\/\/riadshabimarrakech.com\/#website\",\"url\":\"https:\/\/riadshabimarrakech.com\/\",\"name\":\"riadshabimarrakech.com\",\"description\":\"Riad Shabi - Kasbah Marrakech\",\"publisher\":{\"@id\":\"https:\/\/riadshabimarrakech.com\/#organization\"},\"potentialAction\":[{\"@type\":\"SearchAction\",\"target\":{\"@type\":\"EntryPoint\",\"urlTemplate\":\"https:\/\/riadshabimarrakech.com\/?s={search_term_string}\"},\"query-input\":{\"@type\":\"PropertyValueSpecification\",\"valueRequired\":true,\"valueName\":\"search_term_string\"}}],\"inLanguage\":\"en-US\"},{\"@type\":\"Organization\",\"@id\":\"https:\/\/riadshabimarrakech.com\/#organization\",\"name\":\"riadshabimarrakech.com\",\"url\":\"https:\/\/riadshabimarrakech.com\/\",\"logo\":{\"@type\":\"ImageObject\",\"inLanguage\":\"en-US\",\"@id\":\"https:\/\/riadshabimarrakech.com\/#\/schema\/logo\/image\/\",\"url\":\"https:\/\/riadshabimarrakech.com\/wp-content\/uploads\/2024\/05\/logo_riad_shabi_transparent_blanc.png\",\"contentUrl\":\"https:\/\/riadshabimarrakech.com\/wp-content\/uploads\/2024\/05\/logo_riad_shabi_transparent_blanc.png\",\"width\":1563,\"height\":1563,\"caption\":\"riadshabimarrakech.com\"},\"image\":{\"@id\":\"https:\/\/riadshabimarrakech.com\/#\/schema\/logo\/image\/\"}}]}<\/script>\n<!-- \/ Yoast SEO plugin. -->","yoast_head_json":{"title":"CGV - riadshabimarrakech.com","robots":{"index":"index","follow":"follow","max-snippet":"max-snippet:-1","max-image-preview":"max-image-preview:large","max-video-preview":"max-video-preview:-1"},"canonical":"https:\/\/riadshabimarrakech.com\/en\/cgv\/","og_locale":"en_US","og_type":"article","og_title":"CGV - riadshabimarrakech.com","og_description":"Conditions g\u00e9n\u00e9rales de vente Conditions G\u00e9n\u00e9rales de Vente \u2013 Riad ShabiG\u00e9rant l\u00e9gal : Sarl BeuyakAdresse : 61 Derb Rahala, 40000 MarrakechNum\u00e9ro ICE : 003408637000013 1. ObjetLes pr\u00e9sentes Conditions G\u00e9n\u00e9rales de Vente (CGV) r\u00e9gissent la location du Riad Shabi. Le Riad est propos\u00e9 \u00e0 la location compl\u00e8te pour la dur\u00e9e du s\u00e9jour. 2. Tarifs et taxes\u2022 [&hellip;]","og_url":"https:\/\/riadshabimarrakech.com\/en\/cgv\/","og_site_name":"riadshabimarrakech.com","article_modified_time":"2025-10-12T16:53:05+00:00","twitter_card":"summary_large_image","twitter_misc":{"Est. reading time":"2 minutes"},"schema":{"@context":"https:\/\/schema.org","@graph":[{"@type":"WebPage","@id":"https:\/\/riadshabimarrakech.com\/cgv\/","url":"https:\/\/riadshabimarrakech.com\/cgv\/","name":"CGV - riadshabimarrakech.com","isPartOf":{"@id":"https:\/\/riadshabimarrakech.com\/#website"},"datePublished":"2025-09-28T22:38:37+00:00","dateModified":"2025-10-12T16:53:05+00:00","breadcrumb":{"@id":"https:\/\/riadshabimarrakech.com\/cgv\/#breadcrumb"},"inLanguage":"en-US","potentialAction":[{"@type":"ReadAction","target":["https:\/\/riadshabimarrakech.com\/cgv\/"]}]},{"@type":"BreadcrumbList","@id":"https:\/\/riadshabimarrakech.com\/cgv\/#breadcrumb","itemListElement":[{"@type":"ListItem","position":1,"name":"Accueil","item":"https:\/\/riadshabimarrakech.com\/"},{"@type":"ListItem","position":2,"name":"CGV"}]},{"@type":"WebSite","@id":"https:\/\/riadshabimarrakech.com\/#website","url":"https:\/\/riadshabimarrakech.com\/","name":"riadshabimarrakech.com","description":"Riad Shabi - Kasbah Marrakech","publisher":{"@id":"https:\/\/riadshabimarrakech.com\/#organization"},"potentialAction":[{"@type":"SearchAction","target":{"@type":"EntryPoint","urlTemplate":"https:\/\/riadshabimarrakech.com\/?s={search_term_string}"},"query-input":{"@type":"PropertyValueSpecification","valueRequired":true,"valueName":"search_term_string"}}],"inLanguage":"en-US"},{"@type":"Organization","@id":"https:\/\/riadshabimarrakech.com\/#organization","name":"riadshabimarrakech.com","url":"https:\/\/riadshabimarrakech.com\/","logo":{"@type":"ImageObject","inLanguage":"en-US","@id":"https:\/\/riadshabimarrakech.com\/#\/schema\/logo\/image\/","url":"https:\/\/riadshabimarrakech.com\/wp-content\/uploads\/2024\/05\/logo_riad_shabi_transparent_blanc.png","contentUrl":"https:\/\/riadshabimarrakech.com\/wp-content\/uploads\/2024\/05\/logo_riad_shabi_transparent_blanc.png","width":1563,"height":1563,"caption":"riadshabimarrakech.com"},"image":{"@id":"https:\/\/riadshabimarrakech.com\/#\/schema\/logo\/image\/"}}]}},"_links":{"self":[{"href":"https:\/\/riadshabimarrakech.com\/en\/wp-json\/wp\/v2\/pages\/1852","targetHints":{"allow":["GET"]}}],"collection":[{"href":"https:\/\/riadshabimarrakech.com\/en\/wp-json\/wp\/v2\/pages"}],"about":[{"href":"https:\/\/riadshabimarrakech.com\/en\/wp-json\/wp\/v2\/types\/page"}],"author":[{"embeddable":true,"href":"https:\/\/riadshabimarrakech.com\/en\/wp-json\/wp\/v2\/users\/1"}],"replies":[{"embeddable":true,"href":"https:\/\/riadshabimarrakech.com\/en\/wp-json\/wp\/v2\/comments?post=1852"}],"version-history":[{"count":0,"href":"https:\/\/riadshabimarrakech.com\/en\/wp-json\/wp\/v2\/pages\/1852\/revisions"}],"wp:attachment":[{"href":"https:\/\/riadshabimarrakech.com\/en\/wp-json\/wp\/v2\/media?parent=1852"}],"curies":[{"name":"wp","href":"https:\/\/api.w.org\/{rel}","templated":true}]}}